{"id":2577,"date":"2026-03-12T14:35:35","date_gmt":"2026-03-12T13:35:35","guid":{"rendered":"http:\/\/beauty.clinex.com.pl\/frizyorski-barber-salon\/"},"modified":"2026-03-12T14:35:35","modified_gmt":"2026-03-12T13:35:35","slug":"frizyorski-barber-salon","status":"publish","type":"page","link":"https:\/\/beauty.clinex.com.pl\/bg\/frizyorski-barber-salon\/","title":{"rendered":"\u0424\u0440\u0438\u0437\u044c\u043e\u0440\u0441\u043a\u0438 \u0438 barber \u0441\u0430\u043b\u043e\u043d"},"content":{"rendered":"","protected":false},"excerpt":{"rendered":"","protected":false},"author":0,"featured_media":0,"parent":0,"menu_order":0,"comment_status":"closed","ping_status":"closed","template":"page-templates\/page-hairdresser.php","meta":{"_acf_changed":false,"footnotes":""},"class_list":["post-2577","page","type-page","status-publish","hentry"],"acf":[],"yoast_head":"<!-- This site is optimized with the Yoast SEO plugin v27.1.1 - https:\/\/yoast.com\/product\/yoast-seo-wordpress\/ -->\n<title>\u0424\u0440\u0438\u0437\u044c\u043e\u0440\u0441\u043a\u0438 \u0438 barber \u0441\u0430\u043b\u043e\u043d - Beauty Clinex<\/title>\n<meta name=\"robots\" content=\"index, follow, max-snippet:-1, max-image-preview:large, max-video-preview:-1\" \/>\n<link rel=\"canonical\" href=\"http:\/\/beauty.clinex.com.pl\/frizyorski-barber-salon\/\" \/>\n<meta property=\"og:locale\" content=\"bg_BG\" \/>\n<meta property=\"og:type\" content=\"article\" \/>\n<meta property=\"og:title\" content=\"\u0424\u0440\u0438\u0437\u044c\u043e\u0440\u0441\u043a\u0438 \u0438 barber \u0441\u0430\u043b\u043e\u043d - Beauty Clinex\" \/>\n<meta property=\"og:url\" content=\"http:\/\/beauty.clinex.com.pl\/frizyorski-barber-salon\/\" \/>\n<meta property=\"og:site_name\" content=\"Beauty Clinex\" \/>\n<meta name=\"twitter:card\" content=\"summary_large_image\" \/>\n<script type=\"application\/ld+json\" class=\"yoast-schema-graph\">{\"@context\":\"https:\/\/schema.org\",\"@graph\":[{\"@type\":\"WebPage\",\"@id\":\"http:\/\/beauty.clinex.com.pl\/frizyorski-barber-salon\/\",\"url\":\"http:\/\/beauty.clinex.com.pl\/frizyorski-barber-salon\/\",\"name\":\"\u0424\u0440\u0438\u0437\u044c\u043e\u0440\u0441\u043a\u0438 \u0438 barber \u0441\u0430\u043b\u043e\u043d - Beauty Clinex\",\"isPartOf\":{\"@id\":\"https:\/\/beauty.clinex.com.pl\/#website\"},\"datePublished\":\"2026-03-12T13:35:35+00:00\",\"breadcrumb\":{\"@id\":\"http:\/\/beauty.clinex.com.pl\/frizyorski-barber-salon\/#breadcrumb\"},\"inLanguage\":\"bg-BG\",\"potentialAction\":[{\"@type\":\"ReadAction\",\"target\":[\"http:\/\/beauty.clinex.com.pl\/frizyorski-barber-salon\/\"]}]},{\"@type\":\"BreadcrumbList\",\"@id\":\"http:\/\/beauty.clinex.com.pl\/frizyorski-barber-salon\/#breadcrumb\",\"itemListElement\":[{\"@type\":\"ListItem\",\"position\":1,\"name\":\"Strona g\u0142\u00f3wna\",\"item\":\"http:\/\/beauty.clinex.com.pl\/nachalo\/\"},{\"@type\":\"ListItem\",\"position\":2,\"name\":\"\u0424\u0440\u0438\u0437\u044c\u043e\u0440\u0441\u043a\u0438 \u0438 barber \u0441\u0430\u043b\u043e\u043d\"}]},{\"@type\":\"WebSite\",\"@id\":\"https:\/\/beauty.clinex.com.pl\/#website\",\"url\":\"https:\/\/beauty.clinex.com.pl\/\",\"name\":\"Beauty Clinex\",\"description\":\"Dezynfekcja i \u015brodki czysto\u015bci dla bran\u017cy beauty\",\"publisher\":{\"@id\":\"https:\/\/beauty.clinex.com.pl\/#organization\"},\"potentialAction\":[{\"@type\":\"SearchAction\",\"target\":{\"@type\":\"EntryPoint\",\"urlTemplate\":\"https:\/\/beauty.clinex.com.pl\/?s={search_term_string}\"},\"query-input\":{\"@type\":\"PropertyValueSpecification\",\"valueRequired\":true,\"valueName\":\"search_term_string\"}}],\"inLanguage\":\"bg-BG\"},{\"@type\":\"Organization\",\"@id\":\"https:\/\/beauty.clinex.com.pl\/#organization\",\"name\":\"Beauty Clinex\",\"url\":\"https:\/\/beauty.clinex.com.pl\/\",\"logo\":{\"@type\":\"ImageObject\",\"inLanguage\":\"bg-BG\",\"@id\":\"https:\/\/beauty.clinex.com.pl\/#\/schema\/logo\/image\/\",\"url\":\"https:\/\/beauty.clinex.com.pl\/wp-content\/uploads\/2025\/11\/logo.svg\",\"contentUrl\":\"https:\/\/beauty.clinex.com.pl\/wp-content\/uploads\/2025\/11\/logo.svg\",\"width\":380,\"height\":137,\"caption\":\"Beauty Clinex\"},\"image\":{\"@id\":\"https:\/\/beauty.clinex.com.pl\/#\/schema\/logo\/image\/\"}}]}<\/script>\n<!-- \/ Yoast SEO plugin. -->","yoast_head_json":{"title":"\u0424\u0440\u0438\u0437\u044c\u043e\u0440\u0441\u043a\u0438 \u0438 barber \u0441\u0430\u043b\u043e\u043d - Beauty Clinex","robots":{"index":"index","follow":"follow","max-snippet":"max-snippet:-1","max-image-preview":"max-image-preview:large","max-video-preview":"max-video-preview:-1"},"canonical":"http:\/\/beauty.clinex.com.pl\/frizyorski-barber-salon\/","og_locale":"bg_BG","og_type":"article","og_title":"\u0424\u0440\u0438\u0437\u044c\u043e\u0440\u0441\u043a\u0438 \u0438 barber \u0441\u0430\u043b\u043e\u043d - Beauty Clinex","og_url":"http:\/\/beauty.clinex.com.pl\/frizyorski-barber-salon\/","og_site_name":"Beauty Clinex","twitter_card":"summary_large_image","schema":{"@context":"https:\/\/schema.org","@graph":[{"@type":"WebPage","@id":"http:\/\/beauty.clinex.com.pl\/frizyorski-barber-salon\/","url":"http:\/\/beauty.clinex.com.pl\/frizyorski-barber-salon\/","name":"\u0424\u0440\u0438\u0437\u044c\u043e\u0440\u0441\u043a\u0438 \u0438 barber \u0441\u0430\u043b\u043e\u043d - Beauty Clinex","isPartOf":{"@id":"https:\/\/beauty.clinex.com.pl\/#website"},"datePublished":"2026-03-12T13:35:35+00:00","breadcrumb":{"@id":"http:\/\/beauty.clinex.com.pl\/frizyorski-barber-salon\/#breadcrumb"},"inLanguage":"bg-BG","potentialAction":[{"@type":"ReadAction","target":["http:\/\/beauty.clinex.com.pl\/frizyorski-barber-salon\/"]}]},{"@type":"BreadcrumbList","@id":"http:\/\/beauty.clinex.com.pl\/frizyorski-barber-salon\/#breadcrumb","itemListElement":[{"@type":"ListItem","position":1,"name":"Strona g\u0142\u00f3wna","item":"http:\/\/beauty.clinex.com.pl\/nachalo\/"},{"@type":"ListItem","position":2,"name":"\u0424\u0440\u0438\u0437\u044c\u043e\u0440\u0441\u043a\u0438 \u0438 barber \u0441\u0430\u043b\u043e\u043d"}]},{"@type":"WebSite","@id":"https:\/\/beauty.clinex.com.pl\/#website","url":"https:\/\/beauty.clinex.com.pl\/","name":"Beauty Clinex","description":"Dezynfekcja i \u015brodki czysto\u015bci dla bran\u017cy beauty","publisher":{"@id":"https:\/\/beauty.clinex.com.pl\/#organization"},"potentialAction":[{"@type":"SearchAction","target":{"@type":"EntryPoint","urlTemplate":"https:\/\/beauty.clinex.com.pl\/?s={search_term_string}"},"query-input":{"@type":"PropertyValueSpecification","valueRequired":true,"valueName":"search_term_string"}}],"inLanguage":"bg-BG"},{"@type":"Organization","@id":"https:\/\/beauty.clinex.com.pl\/#organization","name":"Beauty Clinex","url":"https:\/\/beauty.clinex.com.pl\/","logo":{"@type":"ImageObject","inLanguage":"bg-BG","@id":"https:\/\/beauty.clinex.com.pl\/#\/schema\/logo\/image\/","url":"https:\/\/beauty.clinex.com.pl\/wp-content\/uploads\/2025\/11\/logo.svg","contentUrl":"https:\/\/beauty.clinex.com.pl\/wp-content\/uploads\/2025\/11\/logo.svg","width":380,"height":137,"caption":"Beauty Clinex"},"image":{"@id":"https:\/\/beauty.clinex.com.pl\/#\/schema\/logo\/image\/"}}]}},"_links":{"self":[{"href":"https:\/\/beauty.clinex.com.pl\/bg\/wp-json\/wp\/v2\/pages\/2577","targetHints":{"allow":["GET"]}}],"collection":[{"href":"https:\/\/beauty.clinex.com.pl\/bg\/wp-json\/wp\/v2\/pages"}],"about":[{"href":"https:\/\/beauty.clinex.com.pl\/bg\/wp-json\/wp\/v2\/types\/page"}],"replies":[{"embeddable":true,"href":"https:\/\/beauty.clinex.com.pl\/bg\/wp-json\/wp\/v2\/comments?post=2577"}],"version-history":[{"count":0,"href":"https:\/\/beauty.clinex.com.pl\/bg\/wp-json\/wp\/v2\/pages\/2577\/revisions"}],"wp:attachment":[{"href":"https:\/\/beauty.clinex.com.pl\/bg\/wp-json\/wp\/v2\/media?parent=2577"}],"curies":[{"name":"wp","href":"https:\/\/api.w.org\/{rel}","templated":true}]}}