{"id":5434,"date":"2026-03-20T08:30:05","date_gmt":"2026-03-20T07:30:05","guid":{"rendered":"http:\/\/beauty.clinex.com.pl\/avaleht\/"},"modified":"2026-03-20T08:30:05","modified_gmt":"2026-03-20T07:30:05","slug":"avaleht","status":"publish","type":"page","link":"https:\/\/beauty.clinex.com.pl\/et\/","title":{"rendered":"Avaleht"},"content":{"rendered":"","protected":false},"excerpt":{"rendered":"","protected":false},"author":2,"featured_media":0,"parent":0,"menu_order":0,"comment_status":"closed","ping_status":"closed","template":"page-templates\/page-homepage.php","meta":{"_acf_changed":false,"footnotes":""},"class_list":["post-5434","page","type-page","status-publish","hentry"],"acf":[],"yoast_head":"<!-- This site is optimized with the Yoast SEO plugin v27.1.1 - https:\/\/yoast.com\/product\/yoast-seo-wordpress\/ -->\n<title>Beauty Clinex - dezynfekcja i \u015brodki czysto\u015bci dla bran\u017cy beauty<\/title>\n<meta name=\"description\" content=\"Produkty do dezynfekcji narz\u0119dzi i powierzchni w salonach kosmetycznych, salonach fryzjerskich, strefach wellness &amp; SPA i innych.\" \/>\n<meta name=\"robots\" content=\"index, follow, max-snippet:-1, max-image-preview:large, max-video-preview:-1\" \/>\n<link rel=\"canonical\" href=\"http:\/\/beauty.clinex.com.pl\/\" \/>\n<meta property=\"og:locale\" content=\"et_EE\" \/>\n<meta property=\"og:type\" content=\"article\" \/>\n<meta property=\"og:title\" content=\"Beauty Clinex - dezynfekcja i \u015brodki czysto\u015bci dla bran\u017cy beauty\" \/>\n<meta property=\"og:description\" content=\"Produkty do dezynfekcji narz\u0119dzi i powierzchni w salonach kosmetycznych, salonach fryzjerskich, strefach wellness &amp; SPA i innych.\" \/>\n<meta property=\"og:url\" content=\"http:\/\/beauty.clinex.com.pl\/\" \/>\n<meta property=\"og:site_name\" content=\"Beauty Clinex\" \/>\n<meta property=\"og:image\" content=\"http:\/\/beauty.clinex.com.pl\/wp-content\/uploads\/2023\/10\/coverphoto_beauty_ver2.jpg\" \/>\n\t<meta property=\"og:image:width\" content=\"517\" \/>\n\t<meta property=\"og:image:height\" content=\"312\" \/>\n\t<meta property=\"og:image:type\" content=\"image\/jpeg\" \/>\n<meta name=\"twitter:card\" content=\"summary_large_image\" \/>\n<script type=\"application\/ld+json\" class=\"yoast-schema-graph\">{\"@context\":\"https:\/\/schema.org\",\"@graph\":[{\"@type\":\"WebPage\",\"@id\":\"http:\/\/beauty.clinex.com.pl\/\",\"url\":\"http:\/\/beauty.clinex.com.pl\/\",\"name\":\"Beauty Clinex - dezynfekcja i \u015brodki czysto\u015bci dla bran\u017cy beauty\",\"isPartOf\":{\"@id\":\"https:\/\/beauty.clinex.com.pl\/#website\"},\"datePublished\":\"2026-03-20T07:30:05+00:00\",\"description\":\"Produkty do dezynfekcji narz\u0119dzi i powierzchni w salonach kosmetycznych, salonach fryzjerskich, strefach wellness & SPA i innych.\",\"breadcrumb\":{\"@id\":\"http:\/\/beauty.clinex.com.pl\/#breadcrumb\"},\"inLanguage\":\"et\",\"potentialAction\":[{\"@type\":\"ReadAction\",\"target\":[\"http:\/\/beauty.clinex.com.pl\/\"]}]},{\"@type\":\"BreadcrumbList\",\"@id\":\"http:\/\/beauty.clinex.com.pl\/#breadcrumb\",\"itemListElement\":[{\"@type\":\"ListItem\",\"position\":1,\"name\":\"Strona g\u0142\u00f3wna\",\"item\":\"http:\/\/beauty.clinex.com.pl\/\"},{\"@type\":\"ListItem\",\"position\":2,\"name\":\"Avaleht\"}]},{\"@type\":\"WebSite\",\"@id\":\"https:\/\/beauty.clinex.com.pl\/#website\",\"url\":\"https:\/\/beauty.clinex.com.pl\/\",\"name\":\"Beauty Clinex\",\"description\":\"Dezynfekcja i \u015brodki czysto\u015bci dla bran\u017cy beauty\",\"publisher\":{\"@id\":\"https:\/\/beauty.clinex.com.pl\/#organization\"},\"potentialAction\":[{\"@type\":\"SearchAction\",\"target\":{\"@type\":\"EntryPoint\",\"urlTemplate\":\"https:\/\/beauty.clinex.com.pl\/?s={search_term_string}\"},\"query-input\":{\"@type\":\"PropertyValueSpecification\",\"valueRequired\":true,\"valueName\":\"search_term_string\"}}],\"inLanguage\":\"et\"},{\"@type\":\"Organization\",\"@id\":\"https:\/\/beauty.clinex.com.pl\/#organization\",\"name\":\"Beauty Clinex\",\"url\":\"https:\/\/beauty.clinex.com.pl\/\",\"logo\":{\"@type\":\"ImageObject\",\"inLanguage\":\"et\",\"@id\":\"https:\/\/beauty.clinex.com.pl\/#\/schema\/logo\/image\/\",\"url\":\"https:\/\/beauty.clinex.com.pl\/wp-content\/uploads\/2025\/11\/logo.svg\",\"contentUrl\":\"https:\/\/beauty.clinex.com.pl\/wp-content\/uploads\/2025\/11\/logo.svg\",\"width\":380,\"height\":137,\"caption\":\"Beauty Clinex\"},\"image\":{\"@id\":\"https:\/\/beauty.clinex.com.pl\/#\/schema\/logo\/image\/\"}}]}<\/script>\n<!-- \/ Yoast SEO plugin. -->","yoast_head_json":{"title":"Beauty Clinex - dezynfekcja i \u015brodki czysto\u015bci dla bran\u017cy beauty","description":"Produkty do dezynfekcji narz\u0119dzi i powierzchni w salonach kosmetycznych, salonach fryzjerskich, strefach wellness & SPA i innych.","robots":{"index":"index","follow":"follow","max-snippet":"max-snippet:-1","max-image-preview":"max-image-preview:large","max-video-preview":"max-video-preview:-1"},"canonical":"http:\/\/beauty.clinex.com.pl\/","og_locale":"et_EE","og_type":"article","og_title":"Beauty Clinex - dezynfekcja i \u015brodki czysto\u015bci dla bran\u017cy beauty","og_description":"Produkty do dezynfekcji narz\u0119dzi i powierzchni w salonach kosmetycznych, salonach fryzjerskich, strefach wellness & SPA i innych.","og_url":"http:\/\/beauty.clinex.com.pl\/","og_site_name":"Beauty Clinex","og_image":[{"width":517,"height":312,"url":"http:\/\/beauty.clinex.com.pl\/wp-content\/uploads\/2023\/10\/coverphoto_beauty_ver2.jpg","type":"image\/jpeg"}],"twitter_card":"summary_large_image","schema":{"@context":"https:\/\/schema.org","@graph":[{"@type":"WebPage","@id":"http:\/\/beauty.clinex.com.pl\/","url":"http:\/\/beauty.clinex.com.pl\/","name":"Beauty Clinex - dezynfekcja i \u015brodki czysto\u015bci dla bran\u017cy beauty","isPartOf":{"@id":"https:\/\/beauty.clinex.com.pl\/#website"},"datePublished":"2026-03-20T07:30:05+00:00","description":"Produkty do dezynfekcji narz\u0119dzi i powierzchni w salonach kosmetycznych, salonach fryzjerskich, strefach wellness & SPA i innych.","breadcrumb":{"@id":"http:\/\/beauty.clinex.com.pl\/#breadcrumb"},"inLanguage":"et","potentialAction":[{"@type":"ReadAction","target":["http:\/\/beauty.clinex.com.pl\/"]}]},{"@type":"BreadcrumbList","@id":"http:\/\/beauty.clinex.com.pl\/#breadcrumb","itemListElement":[{"@type":"ListItem","position":1,"name":"Strona g\u0142\u00f3wna","item":"http:\/\/beauty.clinex.com.pl\/"},{"@type":"ListItem","position":2,"name":"Avaleht"}]},{"@type":"WebSite","@id":"https:\/\/beauty.clinex.com.pl\/#website","url":"https:\/\/beauty.clinex.com.pl\/","name":"Beauty Clinex","description":"Dezynfekcja i \u015brodki czysto\u015bci dla bran\u017cy beauty","publisher":{"@id":"https:\/\/beauty.clinex.com.pl\/#organization"},"potentialAction":[{"@type":"SearchAction","target":{"@type":"EntryPoint","urlTemplate":"https:\/\/beauty.clinex.com.pl\/?s={search_term_string}"},"query-input":{"@type":"PropertyValueSpecification","valueRequired":true,"valueName":"search_term_string"}}],"inLanguage":"et"},{"@type":"Organization","@id":"https:\/\/beauty.clinex.com.pl\/#organization","name":"Beauty Clinex","url":"https:\/\/beauty.clinex.com.pl\/","logo":{"@type":"ImageObject","inLanguage":"et","@id":"https:\/\/beauty.clinex.com.pl\/#\/schema\/logo\/image\/","url":"https:\/\/beauty.clinex.com.pl\/wp-content\/uploads\/2025\/11\/logo.svg","contentUrl":"https:\/\/beauty.clinex.com.pl\/wp-content\/uploads\/2025\/11\/logo.svg","width":380,"height":137,"caption":"Beauty Clinex"},"image":{"@id":"https:\/\/beauty.clinex.com.pl\/#\/schema\/logo\/image\/"}}]}},"_links":{"self":[{"href":"https:\/\/beauty.clinex.com.pl\/et\/wp-json\/wp\/v2\/pages\/5434","targetHints":{"allow":["GET"]}}],"collection":[{"href":"https:\/\/beauty.clinex.com.pl\/et\/wp-json\/wp\/v2\/pages"}],"about":[{"href":"https:\/\/beauty.clinex.com.pl\/et\/wp-json\/wp\/v2\/types\/page"}],"author":[{"embeddable":true,"href":"https:\/\/beauty.clinex.com.pl\/et\/wp-json\/wp\/v2\/users\/2"}],"replies":[{"embeddable":true,"href":"https:\/\/beauty.clinex.com.pl\/et\/wp-json\/wp\/v2\/comments?post=5434"}],"version-history":[{"count":0,"href":"https:\/\/beauty.clinex.com.pl\/et\/wp-json\/wp\/v2\/pages\/5434\/revisions"}],"wp:attachment":[{"href":"https:\/\/beauty.clinex.com.pl\/et\/wp-json\/wp\/v2\/media?parent=5434"}],"curies":[{"name":"wp","href":"https:\/\/api.w.org\/{rel}","templated":true}]}}