{"id":5439,"date":"2026-03-20T08:30:06","date_gmt":"2026-03-20T07:30:06","guid":{"rendered":"http:\/\/beauty.clinex.com.pl\/salon-de-beaute\/"},"modified":"2026-03-20T08:30:06","modified_gmt":"2026-03-20T07:30:06","slug":"salon-de-beaute","status":"publish","type":"page","link":"https:\/\/beauty.clinex.com.pl\/fr\/salon-de-beaute\/","title":{"rendered":"Salon de beaute"},"content":{"rendered":"","protected":false},"excerpt":{"rendered":"","protected":false},"author":2,"featured_media":0,"parent":0,"menu_order":0,"comment_status":"closed","ping_status":"closed","template":"page-templates\/page-beautician.php","meta":{"_acf_changed":false,"footnotes":""},"class_list":["post-5439","page","type-page","status-publish","hentry"],"acf":[],"yoast_head":"<!-- This site is optimized with the Yoast SEO plugin v27.1.1 - https:\/\/yoast.com\/product\/yoast-seo-wordpress\/ -->\n<title>Salon de beaute - Beauty Clinex<\/title>\n<meta name=\"description\" content=\"\u015arodki do dezynfekcji powierzchni i narz\u0119dzi w gabinetach kosmetycznych, medycyny estetycznej czy salonach manicure.\" \/>\n<meta name=\"robots\" content=\"index, follow, max-snippet:-1, max-image-preview:large, max-video-preview:-1\" \/>\n<link rel=\"canonical\" href=\"http:\/\/beauty.clinex.com.pl\/salon-kosmetyczny\/\" \/>\n<meta property=\"og:locale\" content=\"fr_FR\" \/>\n<meta property=\"og:type\" content=\"article\" \/>\n<meta property=\"og:title\" content=\"Salon de beaute - Beauty Clinex\" \/>\n<meta property=\"og:description\" content=\"\u015arodki do dezynfekcji powierzchni i narz\u0119dzi w gabinetach kosmetycznych, medycyny estetycznej czy salonach manicure.\" \/>\n<meta property=\"og:url\" content=\"http:\/\/beauty.clinex.com.pl\/salon-kosmetyczny\/\" \/>\n<meta property=\"og:site_name\" content=\"Beauty Clinex\" \/>\n<meta name=\"twitter:card\" content=\"summary_large_image\" \/>\n<script type=\"application\/ld+json\" class=\"yoast-schema-graph\">{\"@context\":\"https:\/\/schema.org\",\"@graph\":[{\"@type\":\"WebPage\",\"@id\":\"http:\/\/beauty.clinex.com.pl\/salon-kosmetyczny\/\",\"url\":\"http:\/\/beauty.clinex.com.pl\/salon-kosmetyczny\/\",\"name\":\"Salon de beaute - Beauty Clinex\",\"isPartOf\":{\"@id\":\"https:\/\/beauty.clinex.com.pl\/#website\"},\"datePublished\":\"2026-03-20T07:30:06+00:00\",\"description\":\"\u015arodki do dezynfekcji powierzchni i narz\u0119dzi w gabinetach kosmetycznych, medycyny estetycznej czy salonach manicure.\",\"breadcrumb\":{\"@id\":\"http:\/\/beauty.clinex.com.pl\/salon-kosmetyczny\/#breadcrumb\"},\"inLanguage\":\"fr-FR\",\"potentialAction\":[{\"@type\":\"ReadAction\",\"target\":[\"http:\/\/beauty.clinex.com.pl\/salon-kosmetyczny\/\"]}]},{\"@type\":\"BreadcrumbList\",\"@id\":\"http:\/\/beauty.clinex.com.pl\/salon-kosmetyczny\/#breadcrumb\",\"itemListElement\":[{\"@type\":\"ListItem\",\"position\":1,\"name\":\"Strona g\u0142\u00f3wna\",\"item\":\"http:\/\/beauty.clinex.com.pl\/\"},{\"@type\":\"ListItem\",\"position\":2,\"name\":\"Salon de&nbsp;beaute\"}]},{\"@type\":\"WebSite\",\"@id\":\"https:\/\/beauty.clinex.com.pl\/#website\",\"url\":\"https:\/\/beauty.clinex.com.pl\/\",\"name\":\"Beauty Clinex\",\"description\":\"Dezynfekcja i \u015brodki czysto\u015bci dla bran\u017cy beauty\",\"publisher\":{\"@id\":\"https:\/\/beauty.clinex.com.pl\/#organization\"},\"potentialAction\":[{\"@type\":\"SearchAction\",\"target\":{\"@type\":\"EntryPoint\",\"urlTemplate\":\"https:\/\/beauty.clinex.com.pl\/?s={search_term_string}\"},\"query-input\":{\"@type\":\"PropertyValueSpecification\",\"valueRequired\":true,\"valueName\":\"search_term_string\"}}],\"inLanguage\":\"fr-FR\"},{\"@type\":\"Organization\",\"@id\":\"https:\/\/beauty.clinex.com.pl\/#organization\",\"name\":\"Beauty Clinex\",\"url\":\"https:\/\/beauty.clinex.com.pl\/\",\"logo\":{\"@type\":\"ImageObject\",\"inLanguage\":\"fr-FR\",\"@id\":\"https:\/\/beauty.clinex.com.pl\/#\/schema\/logo\/image\/\",\"url\":\"https:\/\/beauty.clinex.com.pl\/wp-content\/uploads\/2025\/11\/logo.svg\",\"contentUrl\":\"https:\/\/beauty.clinex.com.pl\/wp-content\/uploads\/2025\/11\/logo.svg\",\"width\":380,\"height\":137,\"caption\":\"Beauty Clinex\"},\"image\":{\"@id\":\"https:\/\/beauty.clinex.com.pl\/#\/schema\/logo\/image\/\"}}]}<\/script>\n<!-- \/ Yoast SEO plugin. -->","yoast_head_json":{"title":"Salon de beaute - Beauty Clinex","description":"\u015arodki do dezynfekcji powierzchni i narz\u0119dzi w gabinetach kosmetycznych, medycyny estetycznej czy salonach manicure.","robots":{"index":"index","follow":"follow","max-snippet":"max-snippet:-1","max-image-preview":"max-image-preview:large","max-video-preview":"max-video-preview:-1"},"canonical":"http:\/\/beauty.clinex.com.pl\/salon-kosmetyczny\/","og_locale":"fr_FR","og_type":"article","og_title":"Salon de beaute - Beauty Clinex","og_description":"\u015arodki do dezynfekcji powierzchni i narz\u0119dzi w gabinetach kosmetycznych, medycyny estetycznej czy salonach manicure.","og_url":"http:\/\/beauty.clinex.com.pl\/salon-kosmetyczny\/","og_site_name":"Beauty Clinex","twitter_card":"summary_large_image","schema":{"@context":"https:\/\/schema.org","@graph":[{"@type":"WebPage","@id":"http:\/\/beauty.clinex.com.pl\/salon-kosmetyczny\/","url":"http:\/\/beauty.clinex.com.pl\/salon-kosmetyczny\/","name":"Salon de beaute - Beauty Clinex","isPartOf":{"@id":"https:\/\/beauty.clinex.com.pl\/#website"},"datePublished":"2026-03-20T07:30:06+00:00","description":"\u015arodki do dezynfekcji powierzchni i narz\u0119dzi w gabinetach kosmetycznych, medycyny estetycznej czy salonach manicure.","breadcrumb":{"@id":"http:\/\/beauty.clinex.com.pl\/salon-kosmetyczny\/#breadcrumb"},"inLanguage":"fr-FR","potentialAction":[{"@type":"ReadAction","target":["http:\/\/beauty.clinex.com.pl\/salon-kosmetyczny\/"]}]},{"@type":"BreadcrumbList","@id":"http:\/\/beauty.clinex.com.pl\/salon-kosmetyczny\/#breadcrumb","itemListElement":[{"@type":"ListItem","position":1,"name":"Strona g\u0142\u00f3wna","item":"http:\/\/beauty.clinex.com.pl\/"},{"@type":"ListItem","position":2,"name":"Salon de&nbsp;beaute"}]},{"@type":"WebSite","@id":"https:\/\/beauty.clinex.com.pl\/#website","url":"https:\/\/beauty.clinex.com.pl\/","name":"Beauty Clinex","description":"Dezynfekcja i \u015brodki czysto\u015bci dla bran\u017cy beauty","publisher":{"@id":"https:\/\/beauty.clinex.com.pl\/#organization"},"potentialAction":[{"@type":"SearchAction","target":{"@type":"EntryPoint","urlTemplate":"https:\/\/beauty.clinex.com.pl\/?s={search_term_string}"},"query-input":{"@type":"PropertyValueSpecification","valueRequired":true,"valueName":"search_term_string"}}],"inLanguage":"fr-FR"},{"@type":"Organization","@id":"https:\/\/beauty.clinex.com.pl\/#organization","name":"Beauty Clinex","url":"https:\/\/beauty.clinex.com.pl\/","logo":{"@type":"ImageObject","inLanguage":"fr-FR","@id":"https:\/\/beauty.clinex.com.pl\/#\/schema\/logo\/image\/","url":"https:\/\/beauty.clinex.com.pl\/wp-content\/uploads\/2025\/11\/logo.svg","contentUrl":"https:\/\/beauty.clinex.com.pl\/wp-content\/uploads\/2025\/11\/logo.svg","width":380,"height":137,"caption":"Beauty Clinex"},"image":{"@id":"https:\/\/beauty.clinex.com.pl\/#\/schema\/logo\/image\/"}}]}},"_links":{"self":[{"href":"https:\/\/beauty.clinex.com.pl\/fr\/wp-json\/wp\/v2\/pages\/5439","targetHints":{"allow":["GET"]}}],"collection":[{"href":"https:\/\/beauty.clinex.com.pl\/fr\/wp-json\/wp\/v2\/pages"}],"about":[{"href":"https:\/\/beauty.clinex.com.pl\/fr\/wp-json\/wp\/v2\/types\/page"}],"author":[{"embeddable":true,"href":"https:\/\/beauty.clinex.com.pl\/fr\/wp-json\/wp\/v2\/users\/2"}],"replies":[{"embeddable":true,"href":"https:\/\/beauty.clinex.com.pl\/fr\/wp-json\/wp\/v2\/comments?post=5439"}],"version-history":[{"count":0,"href":"https:\/\/beauty.clinex.com.pl\/fr\/wp-json\/wp\/v2\/pages\/5439\/revisions"}],"wp:attachment":[{"href":"https:\/\/beauty.clinex.com.pl\/fr\/wp-json\/wp\/v2\/media?parent=5439"}],"curies":[{"name":"wp","href":"https:\/\/api.w.org\/{rel}","templated":true}]}}